{"id":24,"date":"2026-03-08T23:38:30","date_gmt":"2026-03-08T23:38:30","guid":{"rendered":"http:\/\/flyingsisters.be\/?page_id=24"},"modified":"2026-03-08T23:38:30","modified_gmt":"2026-03-08T23:38:30","slug":"cle-en-main","status":"publish","type":"page","link":"https:\/\/flyingsisters.be\/index.php\/cle-en-main\/","title":{"rendered":"Cl\u00e9 en main"},"content":{"rendered":"\n<p>Nous proposons deux types de performances afin de nous adapter au mieux \u00e0 chaque \u00e9v\u00e9nement.<\/p>\n\n\n\n<p><strong>Les performances sur mesure<\/strong>&nbsp;sont imagin\u00e9es sp\u00e9cialement pour vous. Nous prenons le temps de comprendre l\u2019univers de votre \u00e9v\u00e9nement, l\u2019ambiance recherch\u00e9e et vos envies afin de cr\u00e9er une performance unique, pens\u00e9e pour s\u2019int\u00e9grer parfaitement \u00e0 votre moment.<\/p>\n\n\n\n<p>Nous proposons \u00e9galement des&nbsp;<strong>performances \u201ccl\u00e9 en main\u201d<\/strong>. Il s\u2019agit de shows d\u00e9j\u00e0 cr\u00e9\u00e9s dans notre univers artistique, pr\u00eats \u00e0 \u00eatre pr\u00e9sent\u00e9s lors de votre \u00e9v\u00e9nement. Ces performances durent g\u00e9n\u00e9ralement entre 4 et 5 minutes et explorent diff\u00e9rents moods \u2014 po\u00e9tique, \u00e9nergique, sensuel ou spectaculaire \u2014 pour offrir un moment marquant au public.<\/p>\n","protected":false},"excerpt":{"rendered":"<p>Nous proposons deux types de performances afin de nous adapter au mieux \u00e0 chaque \u00e9v\u00e9nement. Les performances sur mesure&nbsp;sont imagin\u00e9es sp\u00e9cialement pour vous. Nous prenons le temps de comprendre l\u2019univers de votre \u00e9v\u00e9nement, l\u2019ambiance recherch\u00e9e et vos envies afin de cr\u00e9er une performance unique, pens\u00e9e pour s\u2019int\u00e9grer parfaitement \u00e0 votre moment. Nous proposons \u00e9galement des&nbsp;performances [&hellip;]<\/p>\n","protected":false},"author":1,"featured_media":0,"parent":0,"menu_order":0,"comment_status":"closed","ping_status":"closed","template":"","meta":{"footnotes":""},"class_list":["post-24","page","type-page","status-publish","hentry"],"_links":{"self":[{"href":"https:\/\/flyingsisters.be\/index.php\/wp-json\/wp\/v2\/pages\/24","targetHints":{"allow":["GET"]}}],"collection":[{"href":"https:\/\/flyingsisters.be\/index.php\/wp-json\/wp\/v2\/pages"}],"about":[{"href":"https:\/\/flyingsisters.be\/index.php\/wp-json\/wp\/v2\/types\/page"}],"author":[{"embeddable":true,"href":"https:\/\/flyingsisters.be\/index.php\/wp-json\/wp\/v2\/users\/1"}],"replies":[{"embeddable":true,"href":"https:\/\/flyingsisters.be\/index.php\/wp-json\/wp\/v2\/comments?post=24"}],"version-history":[{"count":1,"href":"https:\/\/flyingsisters.be\/index.php\/wp-json\/wp\/v2\/pages\/24\/revisions"}],"predecessor-version":[{"id":60,"href":"https:\/\/flyingsisters.be\/index.php\/wp-json\/wp\/v2\/pages\/24\/revisions\/60"}],"wp:attachment":[{"href":"https:\/\/flyingsisters.be\/index.php\/wp-json\/wp\/v2\/media?parent=24"}],"curies":[{"name":"wp","href":"https:\/\/api.w.org\/{rel}","templated":true}]}}