{"id":46,"date":"2026-03-08T23:00:14","date_gmt":"2026-03-08T23:00:14","guid":{"rendered":"https:\/\/flyingsisters.be\/?page_id=46"},"modified":"2026-03-08T23:07:11","modified_gmt":"2026-03-08T23:07:11","slug":"notre-univers","status":"publish","type":"page","link":"https:\/\/flyingsisters.be\/index.php\/notre-univers\/","title":{"rendered":"Notre univers"},"content":{"rendered":"\n<p>Chez&nbsp;<strong>Flying Sisters<\/strong>, nous cr\u00e9ons bien plus qu\u2019un simple spectacle : nous donnons vie \u00e0 un univers. Un univers a\u00e9rien, po\u00e9tique et vibrant, o\u00f9 le mouvement rencontre l\u2019\u00e9motion et o\u00f9 chaque performance raconte une histoire.<\/p>\n\n\n\n<p>Nos shows sont pens\u00e9s comme des exp\u00e9riences vivantes. Chaque prestation est unique, construite autour d\u2019une atmosph\u00e8re, d\u2019une musique, d\u2019une \u00e9nergie partag\u00e9e avec le public. \u00c0 travers la pole dance, les disciplines a\u00e9riennes et la danse, nous cherchons \u00e0 cr\u00e9er des moments suspendus, o\u00f9 la gr\u00e2ce, la force et la sensibilit\u00e9 se rencontrent.<\/p>\n\n\n\n<p>Pour nous, l\u2019\u00e9coute est essentielle. Chaque \u00e9v\u00e9nement est diff\u00e9rent, et nous attachons une grande importance \u00e0 comprendre les envies, les besoins et l\u2019identit\u00e9 de nos clients. Que ce soit pour un \u00e9v\u00e9nement priv\u00e9, une soir\u00e9e, un festival ou un projet artistique, nous imaginons des performances sur mesure qui s\u2019int\u00e8grent naturellement dans l\u2019ambiance souhait\u00e9e.<\/p>\n\n\n\n<p>Flying Sisters, c\u2019est un projet vivant, en constante \u00e9volution. Nous explorons, nous cr\u00e9ons, nous nous adaptons. Ce qui nous guide avant tout, c\u2019est l\u2019\u00e9motion : celle que nous ressentons en dansant, et celle que nous partageons avec le public.<\/p>\n\n\n\n<p>Parce qu\u2019un spectacle n\u2019est jamais seulement une performance. C\u2019est un moment \u00e0 vivre.<\/p>\n","protected":false},"excerpt":{"rendered":"<p>Chez&nbsp;Flying Sisters, nous cr\u00e9ons bien plus qu\u2019un simple spectacle : nous donnons vie \u00e0 un univers. Un univers a\u00e9rien, po\u00e9tique et vibrant, o\u00f9 le mouvement rencontre l\u2019\u00e9motion et o\u00f9 chaque performance raconte une histoire. Nos shows sont pens\u00e9s comme des exp\u00e9riences vivantes. Chaque prestation est unique, construite autour d\u2019une atmosph\u00e8re, d\u2019une musique, d\u2019une \u00e9nergie partag\u00e9e [&hellip;]<\/p>\n","protected":false},"author":1,"featured_media":0,"parent":0,"menu_order":0,"comment_status":"closed","ping_status":"closed","template":"","meta":{"footnotes":""},"class_list":["post-46","page","type-page","status-publish","hentry"],"_links":{"self":[{"href":"https:\/\/flyingsisters.be\/index.php\/wp-json\/wp\/v2\/pages\/46","targetHints":{"allow":["GET"]}}],"collection":[{"href":"https:\/\/flyingsisters.be\/index.php\/wp-json\/wp\/v2\/pages"}],"about":[{"href":"https:\/\/flyingsisters.be\/index.php\/wp-json\/wp\/v2\/types\/page"}],"author":[{"embeddable":true,"href":"https:\/\/flyingsisters.be\/index.php\/wp-json\/wp\/v2\/users\/1"}],"replies":[{"embeddable":true,"href":"https:\/\/flyingsisters.be\/index.php\/wp-json\/wp\/v2\/comments?post=46"}],"version-history":[{"count":2,"href":"https:\/\/flyingsisters.be\/index.php\/wp-json\/wp\/v2\/pages\/46\/revisions"}],"predecessor-version":[{"id":49,"href":"https:\/\/flyingsisters.be\/index.php\/wp-json\/wp\/v2\/pages\/46\/revisions\/49"}],"wp:attachment":[{"href":"https:\/\/flyingsisters.be\/index.php\/wp-json\/wp\/v2\/media?parent=46"}],"curies":[{"name":"wp","href":"https:\/\/api.w.org\/{rel}","templated":true}]}}